{"id":521,"date":"2021-07-05T04:01:39","date_gmt":"2021-07-05T04:01:39","guid":{"rendered":"https:\/\/www.dr-beck.lu\/chirurgie-parodontale\/"},"modified":"2021-09-30T13:00:48","modified_gmt":"2021-09-30T12:00:48","slug":"chirurgie-parodontale","status":"publish","type":"page","link":"https:\/\/www.dr-beck.lu\/pt-pt\/chirurgie-parodontale\/","title":{"rendered":"Cirurgia periodontal"},"content":{"rendered":"","protected":false},"excerpt":{"rendered":"","protected":false},"author":1,"featured_media":0,"parent":0,"menu_order":0,"comment_status":"closed","ping_status":"closed","template":"template-services.php","meta":{"_acf_changed":false,"inline_featured_image":false,"footnotes":""},"class_list":["post-521","page","type-page","status-publish","hentry"],"acf":[],"yoast_head":"<!-- This site is optimized with the Yoast SEO plugin v25.8 - https:\/\/yoast.com\/wordpress\/plugins\/seo\/ -->\n<title>Dr. Raymond Beck - Cirurgia periodontal - Cidade do Luxemburgo<\/title>\n<meta name=\"description\" content=\"Pr\u00e1tica dent\u00e1ria moderna especializada no tratamento de gengivas. Cuidados de qualidade para periodontite, gengivite. Crian\u00e7as e adultos.\" \/>\n<meta name=\"robots\" content=\"index, follow, max-snippet:-1, max-image-preview:large, max-video-preview:-1\" \/>\n<link rel=\"canonical\" href=\"https:\/\/www.dr-beck.lu\/pt-pt\/chirurgie-parodontale\/\" \/>\n<meta property=\"og:locale\" content=\"pt_PT\" \/>\n<meta property=\"og:type\" content=\"article\" \/>\n<meta property=\"og:title\" content=\"Dr. Raymond Beck - Cirurgia periodontal - Cidade do Luxemburgo\" \/>\n<meta property=\"og:description\" content=\"Pr\u00e1tica dent\u00e1ria moderna especializada no tratamento de gengivas. Cuidados de qualidade para periodontite, gengivite. Crian\u00e7as e adultos.\" \/>\n<meta property=\"og:url\" content=\"https:\/\/www.dr-beck.lu\/pt-pt\/chirurgie-parodontale\/\" \/>\n<meta property=\"og:site_name\" content=\"Dr. Beck\" \/>\n<meta property=\"article:modified_time\" content=\"2021-09-30T12:00:48+00:00\" \/>\n<meta name=\"twitter:card\" content=\"summary_large_image\" \/>\n<script type=\"application\/ld+json\" class=\"yoast-schema-graph\">{\"@context\":\"https:\/\/schema.org\",\"@graph\":[{\"@type\":\"WebPage\",\"@id\":\"https:\/\/www.dr-beck.lu\/pt-pt\/chirurgie-parodontale\/\",\"url\":\"https:\/\/www.dr-beck.lu\/pt-pt\/chirurgie-parodontale\/\",\"name\":\"Dr. Raymond Beck - Cirurgia periodontal - Cidade do Luxemburgo\",\"isPartOf\":{\"@id\":\"https:\/\/www.dr-beck.lu\/#website\"},\"datePublished\":\"2021-07-05T04:01:39+00:00\",\"dateModified\":\"2021-09-30T12:00:48+00:00\",\"description\":\"Pr\u00e1tica dent\u00e1ria moderna especializada no tratamento de gengivas. Cuidados de qualidade para periodontite, gengivite. Crian\u00e7as e adultos.\",\"breadcrumb\":{\"@id\":\"https:\/\/www.dr-beck.lu\/pt-pt\/chirurgie-parodontale\/#breadcrumb\"},\"inLanguage\":\"pt-PT\",\"potentialAction\":[{\"@type\":\"ReadAction\",\"target\":[\"https:\/\/www.dr-beck.lu\/pt-pt\/chirurgie-parodontale\/\"]}]},{\"@type\":\"BreadcrumbList\",\"@id\":\"https:\/\/www.dr-beck.lu\/pt-pt\/chirurgie-parodontale\/#breadcrumb\",\"itemListElement\":[{\"@type\":\"ListItem\",\"position\":1,\"name\":\"Home\",\"item\":\"https:\/\/www.dr-beck.lu\/pt-pt\/\"},{\"@type\":\"ListItem\",\"position\":2,\"name\":\"Cirurgia periodontal\"}]},{\"@type\":\"WebSite\",\"@id\":\"https:\/\/www.dr-beck.lu\/#website\",\"url\":\"https:\/\/www.dr-beck.lu\/\",\"name\":\"Dr. Beck\",\"description\":\"M\u00e9decin dentiste\",\"potentialAction\":[{\"@type\":\"SearchAction\",\"target\":{\"@type\":\"EntryPoint\",\"urlTemplate\":\"https:\/\/www.dr-beck.lu\/?s={search_term_string}\"},\"query-input\":{\"@type\":\"PropertyValueSpecification\",\"valueRequired\":true,\"valueName\":\"search_term_string\"}}],\"inLanguage\":\"pt-PT\"}]}<\/script>\n<!-- \/ Yoast SEO plugin. -->","yoast_head_json":{"title":"Dr. Raymond Beck - Cirurgia periodontal - Cidade do Luxemburgo","description":"Pr\u00e1tica dent\u00e1ria moderna especializada no tratamento de gengivas. Cuidados de qualidade para periodontite, gengivite. Crian\u00e7as e adultos.","robots":{"index":"index","follow":"follow","max-snippet":"max-snippet:-1","max-image-preview":"max-image-preview:large","max-video-preview":"max-video-preview:-1"},"canonical":"https:\/\/www.dr-beck.lu\/pt-pt\/chirurgie-parodontale\/","og_locale":"pt_PT","og_type":"article","og_title":"Dr. Raymond Beck - Cirurgia periodontal - Cidade do Luxemburgo","og_description":"Pr\u00e1tica dent\u00e1ria moderna especializada no tratamento de gengivas. Cuidados de qualidade para periodontite, gengivite. Crian\u00e7as e adultos.","og_url":"https:\/\/www.dr-beck.lu\/pt-pt\/chirurgie-parodontale\/","og_site_name":"Dr. Beck","article_modified_time":"2021-09-30T12:00:48+00:00","twitter_card":"summary_large_image","schema":{"@context":"https:\/\/schema.org","@graph":[{"@type":"WebPage","@id":"https:\/\/www.dr-beck.lu\/pt-pt\/chirurgie-parodontale\/","url":"https:\/\/www.dr-beck.lu\/pt-pt\/chirurgie-parodontale\/","name":"Dr. Raymond Beck - Cirurgia periodontal - Cidade do Luxemburgo","isPartOf":{"@id":"https:\/\/www.dr-beck.lu\/#website"},"datePublished":"2021-07-05T04:01:39+00:00","dateModified":"2021-09-30T12:00:48+00:00","description":"Pr\u00e1tica dent\u00e1ria moderna especializada no tratamento de gengivas. Cuidados de qualidade para periodontite, gengivite. Crian\u00e7as e adultos.","breadcrumb":{"@id":"https:\/\/www.dr-beck.lu\/pt-pt\/chirurgie-parodontale\/#breadcrumb"},"inLanguage":"pt-PT","potentialAction":[{"@type":"ReadAction","target":["https:\/\/www.dr-beck.lu\/pt-pt\/chirurgie-parodontale\/"]}]},{"@type":"BreadcrumbList","@id":"https:\/\/www.dr-beck.lu\/pt-pt\/chirurgie-parodontale\/#breadcrumb","itemListElement":[{"@type":"ListItem","position":1,"name":"Home","item":"https:\/\/www.dr-beck.lu\/pt-pt\/"},{"@type":"ListItem","position":2,"name":"Cirurgia periodontal"}]},{"@type":"WebSite","@id":"https:\/\/www.dr-beck.lu\/#website","url":"https:\/\/www.dr-beck.lu\/","name":"Dr. Beck","description":"M\u00e9decin dentiste","potentialAction":[{"@type":"SearchAction","target":{"@type":"EntryPoint","urlTemplate":"https:\/\/www.dr-beck.lu\/?s={search_term_string}"},"query-input":{"@type":"PropertyValueSpecification","valueRequired":true,"valueName":"search_term_string"}}],"inLanguage":"pt-PT"}]}},"_links":{"self":[{"href":"https:\/\/www.dr-beck.lu\/pt-pt\/wp-json\/wp\/v2\/pages\/521","targetHints":{"allow":["GET"]}}],"collection":[{"href":"https:\/\/www.dr-beck.lu\/pt-pt\/wp-json\/wp\/v2\/pages"}],"about":[{"href":"https:\/\/www.dr-beck.lu\/pt-pt\/wp-json\/wp\/v2\/types\/page"}],"author":[{"embeddable":true,"href":"https:\/\/www.dr-beck.lu\/pt-pt\/wp-json\/wp\/v2\/users\/1"}],"replies":[{"embeddable":true,"href":"https:\/\/www.dr-beck.lu\/pt-pt\/wp-json\/wp\/v2\/comments?post=521"}],"version-history":[{"count":10,"href":"https:\/\/www.dr-beck.lu\/pt-pt\/wp-json\/wp\/v2\/pages\/521\/revisions"}],"predecessor-version":[{"id":828,"href":"https:\/\/www.dr-beck.lu\/pt-pt\/wp-json\/wp\/v2\/pages\/521\/revisions\/828"}],"wp:attachment":[{"href":"https:\/\/www.dr-beck.lu\/pt-pt\/wp-json\/wp\/v2\/media?parent=521"}],"curies":[{"name":"wp","href":"https:\/\/api.w.org\/{rel}","templated":true}]}}