{"id":496,"date":"2021-06-26T02:23:39","date_gmt":"2021-06-26T02:23:39","guid":{"rendered":"https:\/\/www.dr-beck.lu\/home\/"},"modified":"2024-11-12T15:52:38","modified_gmt":"2024-11-12T14:52:38","slug":"home","status":"publish","type":"page","link":"https:\/\/www.dr-beck.lu\/pt-pt\/","title":{"rendered":"Accueil"},"content":{"rendered":"","protected":false},"excerpt":{"rendered":"","protected":false},"author":1,"featured_media":0,"parent":0,"menu_order":0,"comment_status":"closed","ping_status":"closed","template":"template-home.php","meta":{"_acf_changed":false,"inline_featured_image":false,"footnotes":""},"class_list":["post-496","page","type-page","status-publish","hentry"],"acf":[],"yoast_head":"<!-- This site is optimized with the Yoast SEO plugin v25.8 - https:\/\/yoast.com\/wordpress\/plugins\/seo\/ -->\n<title>Cl\u00ednica dent\u00e1ria - Dentista - Dr. Raymond Beck - Cidade do Luxemburgo<\/title>\n<meta name=\"description\" content=\"Equipa dent\u00e1ria profissional para adultos e crian\u00e7as. Implantologista \u2502 Ortodontia \u2502 Endodontia \u2502 Periodontia \u2502 Branqueamento dos dentes\" \/>\n<meta name=\"robots\" content=\"index, follow, max-snippet:-1, max-image-preview:large, max-video-preview:-1\" \/>\n<link rel=\"canonical\" href=\"https:\/\/www.dr-beck.lu\/pt-pt\/\" \/>\n<meta property=\"og:locale\" content=\"pt_PT\" \/>\n<meta property=\"og:type\" content=\"article\" \/>\n<meta property=\"og:title\" content=\"Cl\u00ednica dent\u00e1ria - Dentista - Dr. Raymond Beck - Cidade do Luxemburgo\" \/>\n<meta property=\"og:description\" content=\"Equipa dent\u00e1ria profissional para adultos e crian\u00e7as. Implantologista \u2502 Ortodontia \u2502 Endodontia \u2502 Periodontia \u2502 Branqueamento dos dentes\" \/>\n<meta property=\"og:url\" content=\"https:\/\/www.dr-beck.lu\/pt-pt\/\" \/>\n<meta property=\"og:site_name\" content=\"Dr. Beck\" \/>\n<meta property=\"article:modified_time\" content=\"2024-11-12T14:52:38+00:00\" \/>\n<meta name=\"twitter:card\" content=\"summary_large_image\" \/>\n<script type=\"application\/ld+json\" class=\"yoast-schema-graph\">{\"@context\":\"https:\/\/schema.org\",\"@graph\":[{\"@type\":\"WebPage\",\"@id\":\"https:\/\/www.dr-beck.lu\/pt-pt\/\",\"url\":\"https:\/\/www.dr-beck.lu\/pt-pt\/\",\"name\":\"Cl\u00ednica dent\u00e1ria - Dentista - Dr. Raymond Beck - Cidade do Luxemburgo\",\"isPartOf\":{\"@id\":\"https:\/\/www.dr-beck.lu\/#website\"},\"datePublished\":\"2021-06-26T02:23:39+00:00\",\"dateModified\":\"2024-11-12T14:52:38+00:00\",\"description\":\"Equipa dent\u00e1ria profissional para adultos e crian\u00e7as. Implantologista \u2502 Ortodontia \u2502 Endodontia \u2502 Periodontia \u2502 Branqueamento dos dentes\",\"breadcrumb\":{\"@id\":\"https:\/\/www.dr-beck.lu\/pt-pt\/#breadcrumb\"},\"inLanguage\":\"pt-PT\",\"potentialAction\":[{\"@type\":\"ReadAction\",\"target\":[\"https:\/\/www.dr-beck.lu\/pt-pt\/\"]}]},{\"@type\":\"BreadcrumbList\",\"@id\":\"https:\/\/www.dr-beck.lu\/pt-pt\/#breadcrumb\",\"itemListElement\":[{\"@type\":\"ListItem\",\"position\":1,\"name\":\"Home\",\"item\":\"https:\/\/www.dr-beck.lu\/pt-pt\/\"},{\"@type\":\"ListItem\",\"position\":2,\"name\":\"Accueil\"}]},{\"@type\":\"WebSite\",\"@id\":\"https:\/\/www.dr-beck.lu\/#website\",\"url\":\"https:\/\/www.dr-beck.lu\/\",\"name\":\"Dr. Beck\",\"description\":\"M\u00e9decin dentiste\",\"potentialAction\":[{\"@type\":\"SearchAction\",\"target\":{\"@type\":\"EntryPoint\",\"urlTemplate\":\"https:\/\/www.dr-beck.lu\/?s={search_term_string}\"},\"query-input\":{\"@type\":\"PropertyValueSpecification\",\"valueRequired\":true,\"valueName\":\"search_term_string\"}}],\"inLanguage\":\"pt-PT\"}]}<\/script>\n<!-- \/ Yoast SEO plugin. -->","yoast_head_json":{"title":"Cl\u00ednica dent\u00e1ria - Dentista - Dr. Raymond Beck - Cidade do Luxemburgo","description":"Equipa dent\u00e1ria profissional para adultos e crian\u00e7as. Implantologista \u2502 Ortodontia \u2502 Endodontia \u2502 Periodontia \u2502 Branqueamento dos dentes","robots":{"index":"index","follow":"follow","max-snippet":"max-snippet:-1","max-image-preview":"max-image-preview:large","max-video-preview":"max-video-preview:-1"},"canonical":"https:\/\/www.dr-beck.lu\/pt-pt\/","og_locale":"pt_PT","og_type":"article","og_title":"Cl\u00ednica dent\u00e1ria - Dentista - Dr. Raymond Beck - Cidade do Luxemburgo","og_description":"Equipa dent\u00e1ria profissional para adultos e crian\u00e7as. Implantologista \u2502 Ortodontia \u2502 Endodontia \u2502 Periodontia \u2502 Branqueamento dos dentes","og_url":"https:\/\/www.dr-beck.lu\/pt-pt\/","og_site_name":"Dr. Beck","article_modified_time":"2024-11-12T14:52:38+00:00","twitter_card":"summary_large_image","schema":{"@context":"https:\/\/schema.org","@graph":[{"@type":"WebPage","@id":"https:\/\/www.dr-beck.lu\/pt-pt\/","url":"https:\/\/www.dr-beck.lu\/pt-pt\/","name":"Cl\u00ednica dent\u00e1ria - Dentista - Dr. Raymond Beck - Cidade do Luxemburgo","isPartOf":{"@id":"https:\/\/www.dr-beck.lu\/#website"},"datePublished":"2021-06-26T02:23:39+00:00","dateModified":"2024-11-12T14:52:38+00:00","description":"Equipa dent\u00e1ria profissional para adultos e crian\u00e7as. Implantologista \u2502 Ortodontia \u2502 Endodontia \u2502 Periodontia \u2502 Branqueamento dos dentes","breadcrumb":{"@id":"https:\/\/www.dr-beck.lu\/pt-pt\/#breadcrumb"},"inLanguage":"pt-PT","potentialAction":[{"@type":"ReadAction","target":["https:\/\/www.dr-beck.lu\/pt-pt\/"]}]},{"@type":"BreadcrumbList","@id":"https:\/\/www.dr-beck.lu\/pt-pt\/#breadcrumb","itemListElement":[{"@type":"ListItem","position":1,"name":"Home","item":"https:\/\/www.dr-beck.lu\/pt-pt\/"},{"@type":"ListItem","position":2,"name":"Accueil"}]},{"@type":"WebSite","@id":"https:\/\/www.dr-beck.lu\/#website","url":"https:\/\/www.dr-beck.lu\/","name":"Dr. Beck","description":"M\u00e9decin dentiste","potentialAction":[{"@type":"SearchAction","target":{"@type":"EntryPoint","urlTemplate":"https:\/\/www.dr-beck.lu\/?s={search_term_string}"},"query-input":{"@type":"PropertyValueSpecification","valueRequired":true,"valueName":"search_term_string"}}],"inLanguage":"pt-PT"}]}},"_links":{"self":[{"href":"https:\/\/www.dr-beck.lu\/pt-pt\/wp-json\/wp\/v2\/pages\/496","targetHints":{"allow":["GET"]}}],"collection":[{"href":"https:\/\/www.dr-beck.lu\/pt-pt\/wp-json\/wp\/v2\/pages"}],"about":[{"href":"https:\/\/www.dr-beck.lu\/pt-pt\/wp-json\/wp\/v2\/types\/page"}],"author":[{"embeddable":true,"href":"https:\/\/www.dr-beck.lu\/pt-pt\/wp-json\/wp\/v2\/users\/1"}],"replies":[{"embeddable":true,"href":"https:\/\/www.dr-beck.lu\/pt-pt\/wp-json\/wp\/v2\/comments?post=496"}],"version-history":[{"count":12,"href":"https:\/\/www.dr-beck.lu\/pt-pt\/wp-json\/wp\/v2\/pages\/496\/revisions"}],"predecessor-version":[{"id":1286,"href":"https:\/\/www.dr-beck.lu\/pt-pt\/wp-json\/wp\/v2\/pages\/496\/revisions\/1286"}],"wp:attachment":[{"href":"https:\/\/www.dr-beck.lu\/pt-pt\/wp-json\/wp\/v2\/media?parent=496"}],"curies":[{"name":"wp","href":"https:\/\/api.w.org\/{rel}","templated":true}]}}